{"id":877,"date":"2014-03-24T15:09:14","date_gmt":"2014-03-24T14:09:14","guid":{"rendered":"http:\/\/www.kowhaiwhai.com\/2014\/?page_id=877"},"modified":"2016-05-26T11:28:40","modified_gmt":"2016-05-26T10:28:40","slug":"a-propos-graphiste-freelance","status":"publish","type":"page","link":"https:\/\/www.kowhaiwhai.com\/2014\/a-propos-graphiste-freelance\/","title":{"rendered":"A propos"},"content":{"rendered":"<div class=\"vc_row wpb_row vc_row-fluid\"><div class=\"wpb_column vc_column_container vc_col-sm-6\"><div class=\"wpb_wrapper\">\n\t<div class=\"wpb_text_column wpb_content_element \">\n\t\t<div class=\"wpb_wrapper\">\n\t\t\t<h2 class=\"claim\"><small class=\"txtlight\">Pourquoi choisir <\/small><br \/>\nun graphiste freelance ?<\/h2>\n<p>Faire le choix d&rsquo;un <strong>graphiste ind\u00e9pendant<\/strong> pour ses projets de\u00a0<strong>cr\u00e9ations<\/strong>, c&rsquo;est opter pour une sensibilit\u00e9 particuli\u00e8re, une tendance prononc\u00e9e pour l&rsquo;originalit\u00e9. Libre de toute \u00ab\u00a0laisse\u00a0\u00bb cr\u00e9ative &#8211; souvent inh\u00e9rente aux plus grosses structures \u00e0 forte culture d&rsquo;entreprise &#8211; le <strong>graphiste freelance<\/strong> peut ainsi se consacrer enti\u00e8rement au seul univers qui compte r\u00e9ellement : celui du client.<\/p>\n\n\t\t<\/div>\n\t<\/div>\n<\/div><\/div><div class=\"wpb_column vc_column_container vc_col-sm-6\"><div class=\"wpb_wrapper\">\n\t<div class=\"wpb_single_image wpb_content_element vc_align_center   move-top-100\">\n\t\t<div class=\"wpb_wrapper\">\n\t\t\t\n\t\t\t<div class=\"vc_single_image-wrapper   vc_box_border_grey\"><img width=\"394\" height=\"507\" src=\"https:\/\/www.kowhaiwhai.com\/2014\/wp-content\/uploads\/2014\/03\/a-propos-img-head.png\" class=\"vc_single_image-img attachment-full\" alt=\"\" srcset=\"https:\/\/www.kowhaiwhai.com\/2014\/wp-content\/uploads\/2014\/03\/a-propos-img-head.png 394w, https:\/\/www.kowhaiwhai.com\/2014\/wp-content\/uploads\/2014\/03\/a-propos-img-head-16x20.png 16w\" sizes=\"(max-width: 394px) 100vw, 394px\" \/><\/div>\n\t\t<\/div>\n\t<\/div>\n<\/div><\/div><\/div><div class=\"vc_row wpb_row vc_row-fluid\"><div class=\"wpb_column vc_column_container vc_col-sm-12\"><div class=\"wpb_wrapper\"><\/div><\/div><\/div><div class=\"vc_row wpb_row vc_row-fluid\"><div class=\"wpb_column vc_column_container vc_col-sm-12\"><div class=\"wpb_wrapper\"><div class=\"vc_separator wpb_content_element vc_separator_align_center vc_sep_width_100 vc_sep_pos_align_center vc_separator_no_text vc_sep_color_grey\">\n\t<span class=\"vc_sep_holder vc_sep_holder_l\"><span\tclass=\"vc_sep_line\"><\/span><\/span>\n\t<span class=\"vc_sep_holder vc_sep_holder_r\"><span class=\"vc_sep_line\"><\/span>\n\t<\/span>\n<\/div><\/div><\/div><\/div><div class=\"vc_row wpb_row vc_row-fluid\"><div class=\"retina-95 wpb_column vc_column_container vc_col-sm-12\"><div class=\"wpb_wrapper\">\n\t<div class=\"wpb_single_image wpb_content_element vc_align_center\">\n\t\t<div class=\"wpb_wrapper\">\n\t\t\t\n\t\t\t<div class=\"vc_single_image-wrapper   vc_box_border_grey\"><img width=\"190\" height=\"152\" src=\"https:\/\/www.kowhaiwhai.com\/2014\/wp-content\/uploads\/2014\/03\/a-propos-picto-competences.png\" class=\"vc_single_image-img attachment-thumbnail\" alt=\"Les comp\u00e9tences graphiques\" srcset=\"https:\/\/www.kowhaiwhai.com\/2014\/wp-content\/uploads\/2014\/03\/a-propos-picto-competences.png 190w, https:\/\/www.kowhaiwhai.com\/2014\/wp-content\/uploads\/2014\/03\/a-propos-picto-competences-20x16.png 20w\" sizes=\"(max-width: 190px) 100vw, 190px\" \/><\/div>\n\t\t<\/div>\n\t<\/div>\n\n\t<div class=\"wpb_text_column wpb_content_element \">\n\t\t<div class=\"wpb_wrapper\">\n\t\t\t<h2 style=\"text-align: center;\">Comp\u00e9tences<\/h2>\n\n\t\t<\/div>\n\t<\/div>\n<\/div><\/div><\/div><div class=\"vc_row wpb_row vc_row-fluid\"><div class=\"wpb_column vc_column_container vc_col-sm-6\"><div class=\"wpb_wrapper\">\n\t<div class=\"wpb_text_column wpb_content_element \">\n\t\t<div class=\"wpb_wrapper\">\n\t\t\t<p>Issue de la passion de la <strong>cr\u00e9ation num\u00e9rique<\/strong> et de l&rsquo;<a title=\"D\u00e9couvrez les r\u00e9alisations Flash\" href=\"http:\/\/www.kowhaiwhai.com\/2014\/Portfolio\/type\/animation-flash\/\"><strong>animation\u00a0Flash<\/strong><\/a> d\u00e8s les balbutiements d&rsquo;Internet en France, \u00e0 la fin des ann\u00e9es 90, l&rsquo;entreprise individuelle\u00a0<strong>K\u014dwhaiwhai &#8211; Cr\u00e9ation webdesign &amp; print<\/strong> &#8211; propose des prestations principalement ax\u00e9es sur la <strong>conception graphique<\/strong>, le <a title=\"D\u00e9couvrez les r\u00e9alisations webdesign\" href=\"http:\/\/www.kowhaiwhai.com\/2014\/Portfolio\/type\/creation-webdesign\/\"><strong>webdesign<\/strong><\/a> et la cr\u00e9ation de <a title=\"D\u00e9couvrez les r\u00e9alisations print\" href=\"http:\/\/www.kowhaiwhai.com\/2014\/Portfolio\/type\/creation-print\/\"><strong>supports imprim\u00e9s<\/strong><\/a> et &#8211; de fa\u00e7on plus g\u00e9n\u00e9rale &#8211; d&rsquo;<a title=\"D\u00e9couvrez les r\u00e9alisations en identit\u00e9 visuelle\" href=\"http:\/\/www.kowhaiwhai.com\/2014\/Portfolio\/type\/identite-visuelle\/\"><strong>identit\u00e9 visuelle<\/strong><\/a>.<\/p>\n<p>Le d\u00e9marche d&rsquo;un graphiste freelance reste r\u00e9solument <strong>artisanale<\/strong> &#8211; dans le sens <strong>noble<\/strong> du terme &#8211; et proche du client. Saisir ses souhaits, les mat\u00e9rialiser avec le plus de <strong>pr\u00e9cision<\/strong> et d&rsquo;<strong>originalit\u00e9<\/strong> possible sont les conditions sine qua non d&rsquo;une prestation r\u00e9ussie, et d&rsquo;un client satisfait.<\/p>\n\n\t\t<\/div>\n\t<\/div>\n<\/div><\/div><div class=\"wpb_column vc_column_container vc_col-sm-6\"><div class=\"wpb_wrapper\"><div class=\"vc_progress_bar wpb_content_element  vc_progress-bar-color-bar_orange\"><div class=\"vc_general vc_single_bar\"><small class=\"vc_label\">Webdesign<\/small><span class=\"vc_bar \" data-percentage-value=\"90\" data-value=\"90\"><\/span><\/div><div class=\"vc_general vc_single_bar\"><small class=\"vc_label\">Int\u00e9gration HTML \/ CSS<\/small><span class=\"vc_bar \" data-percentage-value=\"80\" data-value=\"80\"><\/span><\/div><div class=\"vc_general vc_single_bar\"><small class=\"vc_label\">Logo \/ print<\/small><span class=\"vc_bar \" data-percentage-value=\"70\" data-value=\"70\"><\/span><\/div><div class=\"vc_general vc_single_bar\"><small class=\"vc_label\">Animation Flash<\/small><span class=\"vc_bar \" data-percentage-value=\"60\" data-value=\"60\"><\/span><\/div><div class=\"vc_general vc_single_bar\"><small class=\"vc_label\">Illustration<\/small><span class=\"vc_bar \" data-percentage-value=\"40\" data-value=\"40\"><\/span><\/div><\/div><\/div><\/div><\/div><div class=\"vc_row wpb_row vc_row-fluid\"><div class=\"wpb_column vc_column_container vc_col-sm-12\"><div class=\"wpb_wrapper\"><\/div><\/div><\/div><div class=\"vc_row wpb_row vc_row-fluid\"><div class=\"wpb_column vc_column_container vc_col-sm-12\"><div class=\"wpb_wrapper\"><div class=\"vc_separator wpb_content_element vc_separator_align_center vc_sep_width_100 vc_sep_pos_align_center vc_separator_no_text vc_sep_color_grey\">\n\t<span class=\"vc_sep_holder vc_sep_holder_l\"><span\tclass=\"vc_sep_line\"><\/span><\/span>\n\t<span class=\"vc_sep_holder vc_sep_holder_r\"><span class=\"vc_sep_line\"><\/span>\n\t<\/span>\n<\/div><\/div><\/div><\/div><div class=\"vc_row wpb_row vc_row-fluid\"><div class=\"retina-95 wpb_column vc_column_container vc_col-sm-12\"><div class=\"wpb_wrapper\">\n\t<div class=\"wpb_single_image wpb_content_element vc_align_center\">\n\t\t<div class=\"wpb_wrapper\">\n\t\t\t\n\t\t\t<div class=\"vc_single_image-wrapper   vc_box_border_grey\"><img width=\"190\" height=\"152\" src=\"https:\/\/www.kowhaiwhai.com\/2014\/wp-content\/uploads\/2014\/03\/a-propos-picto-webdesign.png\" class=\"vc_single_image-img attachment-thumbnail\" alt=\"Un webdesign unique\" srcset=\"https:\/\/www.kowhaiwhai.com\/2014\/wp-content\/uploads\/2014\/03\/a-propos-picto-webdesign.png 190w, https:\/\/www.kowhaiwhai.com\/2014\/wp-content\/uploads\/2014\/03\/a-propos-picto-webdesign-20x16.png 20w\" sizes=\"(max-width: 190px) 100vw, 190px\" \/><\/div>\n\t\t<\/div>\n\t<\/div>\n<\/div><\/div><\/div><div class=\"vc_row wpb_row vc_row-fluid\"><div class=\"wpb_column vc_column_container vc_col-sm-3\"><div class=\"wpb_wrapper\"><\/div><\/div><div class=\"wpb_column vc_column_container vc_col-sm-6\"><div class=\"wpb_wrapper\">\n\t<div class=\"wpb_text_column wpb_content_element \">\n\t\t<div class=\"wpb_wrapper\">\n\t\t\t<h3 style=\"text-align: center;\">Un webdesign unique<\/h3>\n<p style=\"text-align: center;\">Le nombre de sites Internet est aujourd&rsquo;hui tel que le <strong>design web<\/strong> de votre site Internet se doit d&rsquo;\u00eatre <strong>unique<\/strong>. En se d\u00e9marquant de vos concurrents directs, la singularit\u00e9 de votre <strong>webdesign<\/strong> &#8211; que ce soit celui de votre <strong>site e-commerce<\/strong> ou de votre <strong>site vitrine<\/strong> &#8211; saura\u00a0marquer l&rsquo;esprit de ses utilisateurs et garantir une navigation agr\u00e9able.<\/p>\n<p style=\"text-align: center;\">Le <strong>webdesigner freelance<\/strong> J\u00e9r\u00f4me Morlet, K\u014dwhaiwhai &#8211; Cr\u00e9ation web &amp; print, peut intervenir autant en tant que prestataire direct qu&rsquo;en sous-traitant pour les agences de communication et webagencies, et cr\u00e9er des <strong>interfaces graphiques<\/strong> de qualit\u00e9 \u00e0 destination des supports :<\/p>\n<ul style=\"text-align: center;\">\n<li>site internet vitrine \/ CMS<\/li>\n<li>boutique en ligne \/ site e-commerce<\/li>\n<li>blog<\/li>\n<li>emailing<\/li>\n<\/ul>\n\n\t\t<\/div>\n\t<\/div>\n<\/div><\/div><div class=\"wpb_column vc_column_container vc_col-sm-3\"><div class=\"wpb_wrapper\"><\/div><\/div><\/div><div class=\"vc_row wpb_row vc_row-fluid\"><div class=\"wpb_column vc_column_container vc_col-sm-12\"><div class=\"wpb_wrapper\"><\/div><\/div><\/div><div class=\"vc_row wpb_row vc_row-fluid\"><div class=\"wpb_column vc_column_container vc_col-sm-12\"><div class=\"wpb_wrapper\"><div class=\"vc_separator wpb_content_element vc_separator_align_center vc_sep_width_100 vc_sep_pos_align_center vc_separator_no_text vc_sep_color_grey\">\n\t<span class=\"vc_sep_holder vc_sep_holder_l\"><span\tclass=\"vc_sep_line\"><\/span><\/span>\n\t<span class=\"vc_sep_holder vc_sep_holder_r\"><span class=\"vc_sep_line\"><\/span>\n\t<\/span>\n<\/div><\/div><\/div><\/div><div class=\"vc_row wpb_row vc_row-fluid\"><div class=\"retina-95 wpb_column vc_column_container vc_col-sm-12\"><div class=\"wpb_wrapper\">\n\t<div class=\"wpb_single_image wpb_content_element vc_align_center\">\n\t\t<div class=\"wpb_wrapper\">\n\t\t\t\n\t\t\t<div class=\"vc_single_image-wrapper   vc_box_border_grey\"><img width=\"190\" height=\"152\" src=\"https:\/\/www.kowhaiwhai.com\/2014\/wp-content\/uploads\/2014\/03\/a-propos-picto-excellence.png\" class=\"vc_single_image-img attachment-thumbnail\" alt=\"Donnez des ailes \u00e0 votre communication\" srcset=\"https:\/\/www.kowhaiwhai.com\/2014\/wp-content\/uploads\/2014\/03\/a-propos-picto-excellence.png 190w, https:\/\/www.kowhaiwhai.com\/2014\/wp-content\/uploads\/2014\/03\/a-propos-picto-excellence-20x16.png 20w\" sizes=\"(max-width: 190px) 100vw, 190px\" \/><\/div>\n\t\t<\/div>\n\t<\/div>\n<\/div><\/div><\/div><div class=\"vc_row wpb_row vc_row-fluid\"><div class=\"wpb_column vc_column_container vc_col-sm-3\"><div class=\"wpb_wrapper\"><\/div><\/div><div class=\"wpb_column vc_column_container vc_col-sm-6\"><div class=\"wpb_wrapper\">\n\t<div class=\"wpb_text_column wpb_content_element \">\n\t\t<div class=\"wpb_wrapper\">\n\t\t\t<h3 style=\"text-align: center;\">Donnez des ailes \u00e0 votre communication<\/h3>\n<p style=\"text-align: center;\">D\u00e9sormais capitale pour les entreprises, la <strong>qualit\u00e9 de la communication<\/strong> &#8211; que ce soit par un <a title=\"D\u00e9couvrez les r\u00e9alisations de logotypes\" href=\"http:\/\/www.kowhaiwhai.com\/2014\/Portfolio\/type\/creation-logotype\/\"><strong>logotype<\/strong><\/a>, une <strong>papeterie<\/strong>, des <strong>affiches<\/strong> ou un <strong>packaging<\/strong> &#8211; est directement li\u00e9e au choix du prestataire cr\u00e9atif.<\/p>\n<p style=\"text-align: center;\">M\u2019ins\u00e9rant dans la cha\u00eene graphique entre le client et l\u2019imprimeur (et pouvant prendre en main pour vous l\u2019ensemble de la prestation), je r\u00e9alise la<strong>\u00a0cr\u00e9ation graphique<\/strong>\u00a0\u00e0 destination de supports multiples et vari\u00e9s \u00a0:<\/p>\n<ul style=\"text-align: center;\">\n<li>plaquettes commerciales<\/li>\n<li>cartes de visite<\/li>\n<li>affiches<\/li>\n<li>livres, livrets<\/li>\n<li>flyers<\/li>\n<li>stickers<\/li>\n<li>jaquettes CD, CD-ROM<\/li>\n<li>t-shirts<\/li>\n<li>publicit\u00e9s<\/li>\n<li>packaging produits<\/li>\n<\/ul>\n\n\t\t<\/div>\n\t<\/div>\n<\/div><\/div><div class=\"wpb_column vc_column_container vc_col-sm-3\"><div class=\"wpb_wrapper\"><\/div><\/div><\/div><div class=\"vc_row wpb_row vc_row-fluid\"><div class=\"wpb_column vc_column_container vc_col-sm-12\"><div class=\"wpb_wrapper\"><\/div><\/div><\/div><div class=\"vc_row wpb_row vc_row-fluid\"><div class=\"wpb_column vc_column_container vc_col-sm-12\"><div class=\"wpb_wrapper\"><div class=\"vc_separator wpb_content_element vc_separator_align_center vc_sep_width_100 vc_sep_pos_align_center vc_separator_no_text vc_sep_color_grey\">\n\t<span class=\"vc_sep_holder vc_sep_holder_l\"><span\tclass=\"vc_sep_line\"><\/span><\/span>\n\t<span class=\"vc_sep_holder vc_sep_holder_r\"><span class=\"vc_sep_line\"><\/span>\n\t<\/span>\n<\/div><\/div><\/div><\/div><div class=\"vc_row wpb_row vc_row-fluid\"><div class=\"wpb_column vc_column_container vc_col-sm-12\"><div class=\"wpb_wrapper\">\n\t<div class=\"wpb_accordion wpb_content_element  in-port-form not-column-inherit\" data-collapsible=\"yes\" data-vc-disable-keydown=\"false\" data-active-tab=\"false\">\n\t\t<div class=\"wpb_wrapper wpb_accordion_wrapper ui-accordion\">\n\n\n\t<div class=\"wpb_accordion_section group\">\n\t\t<h3 class=\"wpb_accordion_header ui-accordion-header\"><a href=\"#vous-avez-un-projet\">Vous avez un projet ?<\/a><\/h3>\n\t\t<div class=\"wpb_accordion_content ui-accordion-content vc_clearfix\">\n\t\t\t<div role=\"form\" class=\"wpcf7\" id=\"wpcf7-f1224-o1\" lang=\"fr-FR\" dir=\"ltr\">\n<div class=\"screen-reader-response\"><p role=\"status\" aria-live=\"polite\" aria-atomic=\"true\"><\/p> <ul><\/ul><\/div>\n<form action=\"\/2014\/wp-json\/wp\/v2\/pages\/877#wpcf7-f1224-o1\" method=\"post\" class=\"wpcf7-form init\" novalidate=\"novalidate\" data-status=\"init\">\n<div style=\"display: none;\">\n<input type=\"hidden\" name=\"_wpcf7\" value=\"1224\" \/>\n<input type=\"hidden\" name=\"_wpcf7_version\" value=\"5.4.2\" \/>\n<input type=\"hidden\" name=\"_wpcf7_locale\" value=\"fr_FR\" \/>\n<input type=\"hidden\" name=\"_wpcf7_unit_tag\" value=\"wpcf7-f1224-o1\" \/>\n<input type=\"hidden\" name=\"_wpcf7_container_post\" value=\"0\" \/>\n<input type=\"hidden\" name=\"_wpcf7_posted_data_hash\" value=\"\" \/>\n<input type=\"hidden\" name=\"_wpcf7_recaptcha_response\" value=\"\" \/>\n<\/div>\n<div class=\"formcolG\">\n<p><span class=\"wpcf7-form-control-wrap your-company\"><input type=\"text\" name=\"your-company\" value=\"\" size=\"40\" class=\"wpcf7-form-control wpcf7-text\" aria-invalid=\"false\" placeholder=\"Soci\u00e9t\u00e9\" \/><\/span><\/p>\n<p><span class=\"wpcf7-form-control-wrap your-name\"><input type=\"text\" name=\"your-name\" value=\"\" size=\"40\" class=\"wpcf7-form-control wpcf7-text wpcf7-validates-as-required\" aria-required=\"true\" aria-invalid=\"false\" placeholder=\"Votre nom\" \/><\/span><\/p>\n<p><span class=\"wpcf7-form-control-wrap tel-441\"><input type=\"tel\" name=\"tel-441\" value=\"\" size=\"40\" class=\"wpcf7-form-control wpcf7-text wpcf7-tel wpcf7-validates-as-tel\" aria-invalid=\"false\" placeholder=\"Votre n\u00b0 de t\u00e9l\u00e9phone\" \/><\/span><\/p>\n<p><span class=\"wpcf7-form-control-wrap your-email\"><input type=\"email\" name=\"your-email\" value=\"\" size=\"40\" class=\"wpcf7-form-control wpcf7-text wpcf7-email wpcf7-validates-as-required wpcf7-validates-as-email\" aria-required=\"true\" aria-invalid=\"false\" placeholder=\"Votre email\" \/><\/span><\/p>\n<\/div>\n<div class=\"formcolD\">\n<p><span class=\"wpcf7-form-control-wrap your-subject\"><input type=\"text\" name=\"your-subject\" value=\"\" size=\"40\" class=\"wpcf7-form-control wpcf7-text\" aria-invalid=\"false\" placeholder=\"Sujet\" \/><\/span><\/p>\n<p><span class=\"wpcf7-form-control-wrap your-message\"><textarea name=\"your-message\" cols=\"40\" rows=\"10\" class=\"wpcf7-form-control wpcf7-textarea\" aria-invalid=\"false\" placeholder=\"Votre message\"><\/textarea><\/span><\/p>\n<\/div>\n<div class=\"clearfix\"><\/div>\n\n<p><input type=\"submit\" value=\"Envoyer\" class=\"wpcf7-form-control wpcf7-submit\" \/><\/p>\n<div class=\"wpcf7-response-output\" aria-hidden=\"true\"><\/div><\/form><\/div>\n\t\t<\/div>\n\t<\/div>\n\n\t\t<\/div>\n\t<\/div>\n<\/div><\/div><\/div>\n","protected":false},"excerpt":{"rendered":"Pourquoi choisir un graphiste freelance ? Faire le choix d'un graphiste ind\u00e9pendant pour ses projets de\u00a0cr\u00e9ations, c'est opter pour une sensibilit\u00e9 particuli\u00e8re, une tendance prononc\u00e9e pour l'originalit\u00e9. Libre de toute \"laisse\" cr\u00e9ative - souvent inh\u00e9rente aux plus grosses structures \u00e0 forte culture d'entreprise - le graphiste freelance peut ainsi se consacrer enti\u00e8rement au seul univers... <div class=\"btn one-half\"><a title=\"A propos\" href=\"https:\/\/www.kowhaiwhai.com\/2014\/a-propos-graphiste-freelance\/\">En savoir plus<\/a><\/div>","protected":false},"author":1,"featured_media":0,"parent":0,"menu_order":2,"comment_status":"closed","ping_status":"closed","template":"","meta":[],"yoast_head":"<!-- This site is optimized with the Yoast SEO plugin v17.0 - https:\/\/yoast.com\/wordpress\/plugins\/seo\/ -->\n<title>Votre graphiste freelance dans le Haut-Rhin, entre Belfort et Mulhouse<\/title>\n<meta name=\"description\" content=\"Le choix d&#039;un cr\u00e9atif, graphiste freelance, c&#039;est la garantie d&#039;une cr\u00e9ation graphique unique et personnalis\u00e9e, au plus proche des souhaits du client.\" \/>\n<meta name=\"robots\" content=\"index, follow, max-snippet:-1, max-image-preview:large, max-video-preview:-1\" \/>\n<link rel=\"canonical\" href=\"https:\/\/www.kowhaiwhai.com\/2014\/a-propos-graphiste-freelance\/\" \/>\n<meta property=\"og:locale\" content=\"fr_FR\" \/>\n<meta property=\"og:type\" content=\"article\" \/>\n<meta property=\"og:title\" content=\"Votre graphiste freelance dans le Haut-Rhin, entre Belfort et Mulhouse\" \/>\n<meta property=\"og:description\" content=\"Le choix d&#039;un cr\u00e9atif, graphiste freelance, c&#039;est la garantie d&#039;une cr\u00e9ation graphique unique et personnalis\u00e9e, au plus proche des souhaits du client.\" \/>\n<meta property=\"og:url\" content=\"https:\/\/www.kowhaiwhai.com\/2014\/a-propos-graphiste-freelance\/\" \/>\n<meta property=\"og:site_name\" content=\"K\u014dwhaiwhai - Cr\u00e9ation graphique web &amp; print\" \/>\n<meta property=\"article:modified_time\" content=\"2016-05-26T10:28:40+00:00\" \/>\n<meta name=\"twitter:card\" content=\"summary\" \/>\n<meta name=\"twitter:label1\" content=\"Dur\u00e9e de lecture est.\" \/>\n\t<meta name=\"twitter:data1\" content=\"3 minutes\" \/>\n<script type=\"application\/ld+json\" class=\"yoast-schema-graph\">{\"@context\":\"https:\/\/schema.org\",\"@graph\":[{\"@type\":\"WebSite\",\"@id\":\"https:\/\/www.kowhaiwhai.com\/2014\/#website\",\"url\":\"https:\/\/www.kowhaiwhai.com\/2014\/\",\"name\":\"K\\u014dwhaiwhai - Cr\\u00e9ation graphique web &amp; print\",\"description\":\"Cr\\u00e9ation graphique web &amp; print\",\"potentialAction\":[{\"@type\":\"SearchAction\",\"target\":{\"@type\":\"EntryPoint\",\"urlTemplate\":\"https:\/\/www.kowhaiwhai.com\/2014\/?s={search_term_string}\"},\"query-input\":\"required name=search_term_string\"}],\"inLanguage\":\"fr-FR\"},{\"@type\":\"WebPage\",\"@id\":\"https:\/\/www.kowhaiwhai.com\/2014\/a-propos-graphiste-freelance\/#webpage\",\"url\":\"https:\/\/www.kowhaiwhai.com\/2014\/a-propos-graphiste-freelance\/\",\"name\":\"Votre graphiste freelance dans le Haut-Rhin, entre Belfort et Mulhouse\",\"isPartOf\":{\"@id\":\"https:\/\/www.kowhaiwhai.com\/2014\/#website\"},\"datePublished\":\"2014-03-24T14:09:14+00:00\",\"dateModified\":\"2016-05-26T10:28:40+00:00\",\"description\":\"Le choix d'un cr\\u00e9atif, graphiste freelance, c'est la garantie d'une cr\\u00e9ation graphique unique et personnalis\\u00e9e, au plus proche des souhaits du client.\",\"breadcrumb\":{\"@id\":\"https:\/\/www.kowhaiwhai.com\/2014\/a-propos-graphiste-freelance\/#breadcrumb\"},\"inLanguage\":\"fr-FR\",\"potentialAction\":[{\"@type\":\"ReadAction\",\"target\":[\"https:\/\/www.kowhaiwhai.com\/2014\/a-propos-graphiste-freelance\/\"]}]},{\"@type\":\"BreadcrumbList\",\"@id\":\"https:\/\/www.kowhaiwhai.com\/2014\/a-propos-graphiste-freelance\/#breadcrumb\",\"itemListElement\":[{\"@type\":\"ListItem\",\"position\":1,\"name\":\"Accueil\",\"item\":\"https:\/\/www.kowhaiwhai.com\/2014\/\"},{\"@type\":\"ListItem\",\"position\":2,\"name\":\"A propos\"}]}]}<\/script>\n<!-- \/ Yoast SEO plugin. -->","yoast_head_json":{"title":"Votre graphiste freelance dans le Haut-Rhin, entre Belfort et Mulhouse","description":"Le choix d'un cr\u00e9atif, graphiste freelance, c'est la garantie d'une cr\u00e9ation graphique unique et personnalis\u00e9e, au plus proche des souhaits du client.","robots":{"index":"index","follow":"follow","max-snippet":"max-snippet:-1","max-image-preview":"max-image-preview:large","max-video-preview":"max-video-preview:-1"},"canonical":"https:\/\/www.kowhaiwhai.com\/2014\/a-propos-graphiste-freelance\/","og_locale":"fr_FR","og_type":"article","og_title":"Votre graphiste freelance dans le Haut-Rhin, entre Belfort et Mulhouse","og_description":"Le choix d'un cr\u00e9atif, graphiste freelance, c'est la garantie d'une cr\u00e9ation graphique unique et personnalis\u00e9e, au plus proche des souhaits du client.","og_url":"https:\/\/www.kowhaiwhai.com\/2014\/a-propos-graphiste-freelance\/","og_site_name":"K\u014dwhaiwhai - Cr\u00e9ation graphique web &amp; print","article_modified_time":"2016-05-26T10:28:40+00:00","twitter_card":"summary","twitter_misc":{"Dur\u00e9e de lecture est.":"3 minutes"},"schema":{"@context":"https:\/\/schema.org","@graph":[{"@type":"WebSite","@id":"https:\/\/www.kowhaiwhai.com\/2014\/#website","url":"https:\/\/www.kowhaiwhai.com\/2014\/","name":"K\u014dwhaiwhai - Cr\u00e9ation graphique web &amp; print","description":"Cr\u00e9ation graphique web &amp; print","potentialAction":[{"@type":"SearchAction","target":{"@type":"EntryPoint","urlTemplate":"https:\/\/www.kowhaiwhai.com\/2014\/?s={search_term_string}"},"query-input":"required name=search_term_string"}],"inLanguage":"fr-FR"},{"@type":"WebPage","@id":"https:\/\/www.kowhaiwhai.com\/2014\/a-propos-graphiste-freelance\/#webpage","url":"https:\/\/www.kowhaiwhai.com\/2014\/a-propos-graphiste-freelance\/","name":"Votre graphiste freelance dans le Haut-Rhin, entre Belfort et Mulhouse","isPartOf":{"@id":"https:\/\/www.kowhaiwhai.com\/2014\/#website"},"datePublished":"2014-03-24T14:09:14+00:00","dateModified":"2016-05-26T10:28:40+00:00","description":"Le choix d'un cr\u00e9atif, graphiste freelance, c'est la garantie d'une cr\u00e9ation graphique unique et personnalis\u00e9e, au plus proche des souhaits du client.","breadcrumb":{"@id":"https:\/\/www.kowhaiwhai.com\/2014\/a-propos-graphiste-freelance\/#breadcrumb"},"inLanguage":"fr-FR","potentialAction":[{"@type":"ReadAction","target":["https:\/\/www.kowhaiwhai.com\/2014\/a-propos-graphiste-freelance\/"]}]},{"@type":"BreadcrumbList","@id":"https:\/\/www.kowhaiwhai.com\/2014\/a-propos-graphiste-freelance\/#breadcrumb","itemListElement":[{"@type":"ListItem","position":1,"name":"Accueil","item":"https:\/\/www.kowhaiwhai.com\/2014\/"},{"@type":"ListItem","position":2,"name":"A propos"}]}]}},"_links":{"self":[{"href":"https:\/\/www.kowhaiwhai.com\/2014\/wp-json\/wp\/v2\/pages\/877"}],"collection":[{"href":"https:\/\/www.kowhaiwhai.com\/2014\/wp-json\/wp\/v2\/pages"}],"about":[{"href":"https:\/\/www.kowhaiwhai.com\/2014\/wp-json\/wp\/v2\/types\/page"}],"author":[{"embeddable":true,"href":"https:\/\/www.kowhaiwhai.com\/2014\/wp-json\/wp\/v2\/users\/1"}],"replies":[{"embeddable":true,"href":"https:\/\/www.kowhaiwhai.com\/2014\/wp-json\/wp\/v2\/comments?post=877"}],"version-history":[{"count":0,"href":"https:\/\/www.kowhaiwhai.com\/2014\/wp-json\/wp\/v2\/pages\/877\/revisions"}],"wp:attachment":[{"href":"https:\/\/www.kowhaiwhai.com\/2014\/wp-json\/wp\/v2\/media?parent=877"}],"curies":[{"name":"wp","href":"https:\/\/api.w.org\/{rel}","templated":true}]}}