{"id":872,"date":"2014-03-24T14:25:57","date_gmt":"2014-03-24T13:25:57","guid":{"rendered":"http:\/\/www.kowhaiwhai.com\/2014\/?page_id=872"},"modified":"2020-01-13T20:01:05","modified_gmt":"2020-01-13T19:01:05","slug":"contact-infographiste-en-alsace","status":"publish","type":"page","link":"https:\/\/www.kowhaiwhai.com\/2014\/contact-infographiste-en-alsace\/","title":{"rendered":"Contact"},"content":{"rendered":"<div class=\"vc_row wpb_row vc_row-fluid\"><div class=\"wpb_column vc_column_container vc_col-sm-12\"><div class=\"wpb_wrapper\">\n\t<div class=\"wpb_text_column wpb_content_element \">\n\t\t<div class=\"wpb_wrapper\">\n\t\t\t<h2 class=\"claim\">Une question ?<\/h2>\n<p>Vous recherchez un <strong>infographiste\u00a0en Alsace<\/strong>, \u00e0 proximit\u00e9 de <strong>Mulhouse et Belfort<\/strong>, entre <strong>Altkirch et Dannemarie ?<\/strong> N&rsquo;h\u00e9sitez pas \u00e0 transmettre un message pour toute demande d&rsquo;information, de devis pour vos projets de <strong>cr\u00e9ation de site Internet<\/strong> et de supports de communications divers (<strong>affiches<\/strong>, <strong>flyers<\/strong>, etc.).<\/p>\n<p>Je me ferai un plaisir de vous r\u00e9pondre dans les plus brefs d\u00e9lais et vous recontacterai, le cas \u00e9ch\u00e9ant, pour une prise de contact directe.<\/p>\n\n\t\t<\/div>\n\t<\/div>\n<\/div><\/div><\/div><div class=\"vc_row wpb_row vc_row-fluid c-form-centered\"><div class=\"wpb_column vc_column_container vc_col-sm-12\"><div class=\"wpb_wrapper\"><div role=\"form\" class=\"wpcf7\" id=\"wpcf7-f1224-o1\" lang=\"fr-FR\" dir=\"ltr\">\n<div class=\"screen-reader-response\"><p role=\"status\" aria-live=\"polite\" aria-atomic=\"true\"><\/p> <ul><\/ul><\/div>\n<form action=\"\/2014\/wp-json\/wp\/v2\/pages\/872#wpcf7-f1224-o1\" method=\"post\" class=\"wpcf7-form init\" novalidate=\"novalidate\" data-status=\"init\">\n<div style=\"display: none;\">\n<input type=\"hidden\" name=\"_wpcf7\" value=\"1224\" \/>\n<input type=\"hidden\" name=\"_wpcf7_version\" value=\"5.4.2\" \/>\n<input type=\"hidden\" name=\"_wpcf7_locale\" value=\"fr_FR\" \/>\n<input type=\"hidden\" name=\"_wpcf7_unit_tag\" value=\"wpcf7-f1224-o1\" \/>\n<input type=\"hidden\" name=\"_wpcf7_container_post\" value=\"0\" \/>\n<input type=\"hidden\" name=\"_wpcf7_posted_data_hash\" value=\"\" \/>\n<input type=\"hidden\" name=\"_wpcf7_recaptcha_response\" value=\"\" \/>\n<\/div>\n<div class=\"formcolG\">\n<p><span class=\"wpcf7-form-control-wrap your-company\"><input type=\"text\" name=\"your-company\" value=\"\" size=\"40\" class=\"wpcf7-form-control wpcf7-text\" aria-invalid=\"false\" placeholder=\"Soci\u00e9t\u00e9\" \/><\/span><\/p>\n<p><span class=\"wpcf7-form-control-wrap your-name\"><input type=\"text\" name=\"your-name\" value=\"\" size=\"40\" class=\"wpcf7-form-control wpcf7-text wpcf7-validates-as-required\" aria-required=\"true\" aria-invalid=\"false\" placeholder=\"Votre nom\" \/><\/span><\/p>\n<p><span class=\"wpcf7-form-control-wrap tel-441\"><input type=\"tel\" name=\"tel-441\" value=\"\" size=\"40\" class=\"wpcf7-form-control wpcf7-text wpcf7-tel wpcf7-validates-as-tel\" aria-invalid=\"false\" placeholder=\"Votre n\u00b0 de t\u00e9l\u00e9phone\" \/><\/span><\/p>\n<p><span class=\"wpcf7-form-control-wrap your-email\"><input type=\"email\" name=\"your-email\" value=\"\" size=\"40\" class=\"wpcf7-form-control wpcf7-text wpcf7-email wpcf7-validates-as-required wpcf7-validates-as-email\" aria-required=\"true\" aria-invalid=\"false\" placeholder=\"Votre email\" \/><\/span><\/p>\n<\/div>\n<div class=\"formcolD\">\n<p><span class=\"wpcf7-form-control-wrap your-subject\"><input type=\"text\" name=\"your-subject\" value=\"\" size=\"40\" class=\"wpcf7-form-control wpcf7-text\" aria-invalid=\"false\" placeholder=\"Sujet\" \/><\/span><\/p>\n<p><span class=\"wpcf7-form-control-wrap your-message\"><textarea name=\"your-message\" cols=\"40\" rows=\"10\" class=\"wpcf7-form-control wpcf7-textarea\" aria-invalid=\"false\" placeholder=\"Votre message\"><\/textarea><\/span><\/p>\n<\/div>\n<div class=\"clearfix\"><\/div>\n\n<p><input type=\"submit\" value=\"Envoyer\" class=\"wpcf7-form-control wpcf7-submit\" \/><\/p>\n<div class=\"wpcf7-response-output\" aria-hidden=\"true\"><\/div><\/form><\/div><\/div><\/div><\/div><div class=\"vc_row wpb_row vc_row-fluid\"><div class=\"wpb_column vc_column_container vc_col-sm-12\"><div class=\"wpb_wrapper\"><div class=\"vc_separator wpb_content_element vc_separator_align_center vc_sep_width_100 vc_sep_pos_align_center vc_separator_no_text vc_sep_color_grey\">\n\t<span class=\"vc_sep_holder vc_sep_holder_l\"><span\tclass=\"vc_sep_line\"><\/span><\/span>\n\t<span class=\"vc_sep_holder vc_sep_holder_r\"><span class=\"vc_sep_line\"><\/span>\n\t<\/span>\n<\/div><\/div><\/div><\/div><div class=\"vc_row wpb_row vc_row-fluid retina-95\"><div class=\"wpb_column vc_column_container vc_col-sm-12\"><div class=\"wpb_wrapper\">\n\t<div class=\"wpb_single_image wpb_content_element vc_align_center\">\n\t\t<div class=\"wpb_wrapper\">\n\t\t\t\n\t\t\t<div class=\"vc_single_image-wrapper   vc_box_border_grey\"><img width=\"190\" height=\"152\" src=\"https:\/\/www.kowhaiwhai.com\/2014\/wp-content\/uploads\/2014\/04\/contact-picto-coords.png\" class=\"vc_single_image-img attachment-thumbnail\" alt=\"Contact - K\u014dwhaiwhai - Cr\u00e9ation web &amp; print\" srcset=\"https:\/\/www.kowhaiwhai.com\/2014\/wp-content\/uploads\/2014\/04\/contact-picto-coords.png 190w, https:\/\/www.kowhaiwhai.com\/2014\/wp-content\/uploads\/2014\/04\/contact-picto-coords-20x16.png 20w\" sizes=\"(max-width: 190px) 100vw, 190px\" \/><\/div>\n\t\t<\/div>\n\t<\/div>\n<\/div><\/div><\/div><div class=\"vc_row wpb_row vc_row-fluid\"><div class=\"wpb_column vc_column_container vc_col-sm-12\"><div class=\"wpb_wrapper\">\n\t<div class=\"wpb_text_column wpb_content_element \">\n\t\t<div class=\"wpb_wrapper\">\n\t\t\t<p style=\"text-align: center;\">J\u00e9r\u00f4me Morlet<\/p>\n<p style=\"text-align: center;\">K\u014dwhaiwhai &#8211; Cr\u00e9ation web design &amp; print<\/p>\n<p style=\"text-align: center;\">1, rue du Canal<br \/>\nF-68210 Saint-Ulrich<\/p>\n<p style=\"text-align: center;\">T. +33 3 89 25 51 81<br \/>\nF. +33\u00a03 59 03 90 32<\/p>\n\n\t\t<\/div>\n\t<\/div>\n<\/div><\/div><\/div>\n","protected":false},"excerpt":{"rendered":"Une question ? Vous recherchez un infographiste\u00a0en Alsace, \u00e0 proximit\u00e9 de Mulhouse et Belfort, entre Altkirch et Dannemarie ? N'h\u00e9sitez pas \u00e0 transmettre un message pour toute demande d'information, de devis pour vos projets de cr\u00e9ation de site Internet et de supports de communications divers (affiches, flyers, etc.). Je me ferai un plaisir de vous... <div class=\"btn one-half\"><a title=\"Contact\" href=\"https:\/\/www.kowhaiwhai.com\/2014\/contact-infographiste-en-alsace\/\">En savoir plus<\/a><\/div>","protected":false},"author":1,"featured_media":0,"parent":0,"menu_order":5,"comment_status":"closed","ping_status":"closed","template":"template-contact.php","meta":[],"yoast_head":"<!-- This site is optimized with the Yoast SEO plugin v17.0 - https:\/\/yoast.com\/wordpress\/plugins\/seo\/ -->\n<title>Votre infographiste\u00a0en Alsace, sp\u00e9cialiste en webesign &amp; print<\/title>\n<meta name=\"description\" content=\"Vous recherchez un infographiste\u00a0en Alsace - entre Mulhouse et Belfort - pour vos projets de cr\u00e9ation graphique web et de supports de communication print ?\" \/>\n<meta name=\"robots\" content=\"index, follow, max-snippet:-1, max-image-preview:large, max-video-preview:-1\" \/>\n<link rel=\"canonical\" href=\"https:\/\/www.kowhaiwhai.com\/2014\/contact-infographiste-en-alsace\/\" \/>\n<meta property=\"og:locale\" content=\"fr_FR\" \/>\n<meta property=\"og:type\" content=\"article\" \/>\n<meta property=\"og:title\" content=\"Votre infographiste\u00a0en Alsace, sp\u00e9cialiste en webesign &amp; print\" \/>\n<meta property=\"og:description\" content=\"Vous recherchez un infographiste\u00a0en Alsace - entre Mulhouse et Belfort - pour vos projets de cr\u00e9ation graphique web et de supports de communication print ?\" \/>\n<meta property=\"og:url\" content=\"https:\/\/www.kowhaiwhai.com\/2014\/contact-infographiste-en-alsace\/\" \/>\n<meta property=\"og:site_name\" content=\"K\u014dwhaiwhai - Cr\u00e9ation graphique web &amp; print\" \/>\n<meta property=\"article:modified_time\" content=\"2020-01-13T19:01:05+00:00\" \/>\n<meta name=\"twitter:card\" content=\"summary\" \/>\n<meta name=\"twitter:label1\" content=\"Dur\u00e9e de lecture est.\" \/>\n\t<meta name=\"twitter:data1\" content=\"1 minute\" \/>\n<script type=\"application\/ld+json\" class=\"yoast-schema-graph\">{\"@context\":\"https:\/\/schema.org\",\"@graph\":[{\"@type\":\"WebSite\",\"@id\":\"https:\/\/www.kowhaiwhai.com\/2014\/#website\",\"url\":\"https:\/\/www.kowhaiwhai.com\/2014\/\",\"name\":\"K\\u014dwhaiwhai - Cr\\u00e9ation graphique web &amp; print\",\"description\":\"Cr\\u00e9ation graphique web &amp; print\",\"potentialAction\":[{\"@type\":\"SearchAction\",\"target\":{\"@type\":\"EntryPoint\",\"urlTemplate\":\"https:\/\/www.kowhaiwhai.com\/2014\/?s={search_term_string}\"},\"query-input\":\"required name=search_term_string\"}],\"inLanguage\":\"fr-FR\"},{\"@type\":\"WebPage\",\"@id\":\"https:\/\/www.kowhaiwhai.com\/2014\/contact-infographiste-en-alsace\/#webpage\",\"url\":\"https:\/\/www.kowhaiwhai.com\/2014\/contact-infographiste-en-alsace\/\",\"name\":\"Votre infographiste\\u00a0en Alsace, sp\\u00e9cialiste en webesign & print\",\"isPartOf\":{\"@id\":\"https:\/\/www.kowhaiwhai.com\/2014\/#website\"},\"datePublished\":\"2014-03-24T13:25:57+00:00\",\"dateModified\":\"2020-01-13T19:01:05+00:00\",\"description\":\"Vous recherchez un infographiste\\u00a0en Alsace - entre Mulhouse et Belfort - pour vos projets de cr\\u00e9ation graphique web et de supports de communication print ?\",\"breadcrumb\":{\"@id\":\"https:\/\/www.kowhaiwhai.com\/2014\/contact-infographiste-en-alsace\/#breadcrumb\"},\"inLanguage\":\"fr-FR\",\"potentialAction\":[{\"@type\":\"ReadAction\",\"target\":[\"https:\/\/www.kowhaiwhai.com\/2014\/contact-infographiste-en-alsace\/\"]}]},{\"@type\":\"BreadcrumbList\",\"@id\":\"https:\/\/www.kowhaiwhai.com\/2014\/contact-infographiste-en-alsace\/#breadcrumb\",\"itemListElement\":[{\"@type\":\"ListItem\",\"position\":1,\"name\":\"Accueil\",\"item\":\"https:\/\/www.kowhaiwhai.com\/2014\/\"},{\"@type\":\"ListItem\",\"position\":2,\"name\":\"Contact\"}]}]}<\/script>\n<!-- \/ Yoast SEO plugin. -->","yoast_head_json":{"title":"Votre infographiste\u00a0en Alsace, sp\u00e9cialiste en webesign & print","description":"Vous recherchez un infographiste\u00a0en Alsace - entre Mulhouse et Belfort - pour vos projets de cr\u00e9ation graphique web et de supports de communication print ?","robots":{"index":"index","follow":"follow","max-snippet":"max-snippet:-1","max-image-preview":"max-image-preview:large","max-video-preview":"max-video-preview:-1"},"canonical":"https:\/\/www.kowhaiwhai.com\/2014\/contact-infographiste-en-alsace\/","og_locale":"fr_FR","og_type":"article","og_title":"Votre infographiste\u00a0en Alsace, sp\u00e9cialiste en webesign & print","og_description":"Vous recherchez un infographiste\u00a0en Alsace - entre Mulhouse et Belfort - pour vos projets de cr\u00e9ation graphique web et de supports de communication print ?","og_url":"https:\/\/www.kowhaiwhai.com\/2014\/contact-infographiste-en-alsace\/","og_site_name":"K\u014dwhaiwhai - Cr\u00e9ation graphique web &amp; print","article_modified_time":"2020-01-13T19:01:05+00:00","twitter_card":"summary","twitter_misc":{"Dur\u00e9e de lecture est.":"1 minute"},"schema":{"@context":"https:\/\/schema.org","@graph":[{"@type":"WebSite","@id":"https:\/\/www.kowhaiwhai.com\/2014\/#website","url":"https:\/\/www.kowhaiwhai.com\/2014\/","name":"K\u014dwhaiwhai - Cr\u00e9ation graphique web &amp; print","description":"Cr\u00e9ation graphique web &amp; print","potentialAction":[{"@type":"SearchAction","target":{"@type":"EntryPoint","urlTemplate":"https:\/\/www.kowhaiwhai.com\/2014\/?s={search_term_string}"},"query-input":"required name=search_term_string"}],"inLanguage":"fr-FR"},{"@type":"WebPage","@id":"https:\/\/www.kowhaiwhai.com\/2014\/contact-infographiste-en-alsace\/#webpage","url":"https:\/\/www.kowhaiwhai.com\/2014\/contact-infographiste-en-alsace\/","name":"Votre infographiste\u00a0en Alsace, sp\u00e9cialiste en webesign & print","isPartOf":{"@id":"https:\/\/www.kowhaiwhai.com\/2014\/#website"},"datePublished":"2014-03-24T13:25:57+00:00","dateModified":"2020-01-13T19:01:05+00:00","description":"Vous recherchez un infographiste\u00a0en Alsace - entre Mulhouse et Belfort - pour vos projets de cr\u00e9ation graphique web et de supports de communication print ?","breadcrumb":{"@id":"https:\/\/www.kowhaiwhai.com\/2014\/contact-infographiste-en-alsace\/#breadcrumb"},"inLanguage":"fr-FR","potentialAction":[{"@type":"ReadAction","target":["https:\/\/www.kowhaiwhai.com\/2014\/contact-infographiste-en-alsace\/"]}]},{"@type":"BreadcrumbList","@id":"https:\/\/www.kowhaiwhai.com\/2014\/contact-infographiste-en-alsace\/#breadcrumb","itemListElement":[{"@type":"ListItem","position":1,"name":"Accueil","item":"https:\/\/www.kowhaiwhai.com\/2014\/"},{"@type":"ListItem","position":2,"name":"Contact"}]}]}},"_links":{"self":[{"href":"https:\/\/www.kowhaiwhai.com\/2014\/wp-json\/wp\/v2\/pages\/872"}],"collection":[{"href":"https:\/\/www.kowhaiwhai.com\/2014\/wp-json\/wp\/v2\/pages"}],"about":[{"href":"https:\/\/www.kowhaiwhai.com\/2014\/wp-json\/wp\/v2\/types\/page"}],"author":[{"embeddable":true,"href":"https:\/\/www.kowhaiwhai.com\/2014\/wp-json\/wp\/v2\/users\/1"}],"replies":[{"embeddable":true,"href":"https:\/\/www.kowhaiwhai.com\/2014\/wp-json\/wp\/v2\/comments?post=872"}],"version-history":[{"count":0,"href":"https:\/\/www.kowhaiwhai.com\/2014\/wp-json\/wp\/v2\/pages\/872\/revisions"}],"wp:attachment":[{"href":"https:\/\/www.kowhaiwhai.com\/2014\/wp-json\/wp\/v2\/media?parent=872"}],"curies":[{"name":"wp","href":"https:\/\/api.w.org\/{rel}","templated":true}]}}